{"id":1904,"date":"2024-12-05T13:55:58","date_gmt":"2024-12-05T13:55:58","guid":{"rendered":"https:\/\/villelarochelle.com\/pagina-despues-del-registro\/"},"modified":"2025-01-31T14:46:07","modified_gmt":"2025-01-31T14:46:07","slug":"pagina-despues-del-registro","status":"publish","type":"page","link":"https:\/\/villelarochelle.com\/es\/pagina-despues-del-registro\/","title":{"rendered":"P\u00e1gina Despu\u00e9s del Registro"},"content":{"rendered":"\t\t<div data-elementor-type=\"wp-page\" data-elementor-id=\"1904\" class=\"elementor elementor-1904 elementor-327\" data-elementor-post-type=\"page\">\n\t\t\t\t<div class=\"elementor-element elementor-element-ecf1abc e-con-full e-flex e-con e-parent\" data-id=\"ecf1abc\" data-element_type=\"container\">\n\t\t<div class=\"elementor-element elementor-element-908c800 e-con-full e-flex e-con e-child\" data-id=\"908c800\" data-element_type=\"container\">\n\t\t\t\t<div class=\"elementor-element elementor-element-3e6dcea elementor-widget elementor-widget-heading\" data-id=\"3e6dcea\" data-element_type=\"widget\" data-widget_type=\"heading.default\">\n\t\t\t\t<div class=\"elementor-widget-container\">\n\t\t\t\t\t<h2 class=\"elementor-heading-title elementor-size-default\">Hola, \u00a1bienvenido(a)!<\/h2>\t\t\t\t<\/div>\n\t\t\t\t<\/div>\n\t\t\t\t<div class=\"elementor-element elementor-element-6c40d55 elementor-widget elementor-widget-text-editor\" data-id=\"6c40d55\" data-element_type=\"widget\" data-widget_type=\"text-editor.default\">\n\t\t\t\t<div class=\"elementor-widget-container\">\n\t\t\t\t\t\t\t\t\t<p>Ahora puedes ver nuestros folletos y tambi\u00e9n descargarlos para enviarlos a las personas que desees.<\/p>\n\t\t\t\t\t\t\t\t<\/div>\n\t\t\t\t<\/div>\n\t\t\t\t<\/div>\n\t\t<div class=\"elementor-element elementor-element-f3aa974 e-con-full e-flex e-con e-child\" data-id=\"f3aa974\" data-element_type=\"container\" data-settings=\"{&quot;background_background&quot;:&quot;classic&quot;}\">\n\t\t<div class=\"elementor-element elementor-element-ec2030e e-con-full e-flex e-con e-child\" data-id=\"ec2030e\" data-element_type=\"container\" data-settings=\"{&quot;background_background&quot;:&quot;classic&quot;}\">\n\t\t<div class=\"elementor-element elementor-element-250be07 e-con-full e-flex e-con e-child\" data-id=\"250be07\" data-element_type=\"container\">\n\t\t<div class=\"elementor-element elementor-element-484b27f e-con-full e-flex e-con e-child\" data-id=\"484b27f\" data-element_type=\"container\">\n\t\t\t\t<div class=\"elementor-element elementor-element-85aa7e9 elementor-widget elementor-widget-heading\" data-id=\"85aa7e9\" data-element_type=\"widget\" data-widget_type=\"heading.default\">\n\t\t\t\t<div class=\"elementor-widget-container\">\n\t\t\t\t\t<h2 class=\"elementor-heading-title elementor-size-default\">Ville La Rochelle<\/h2>\t\t\t\t<\/div>\n\t\t\t\t<\/div>\n\t\t\t\t<div class=\"elementor-element elementor-element-ea09249 elementor-widget elementor-widget-text-editor\" data-id=\"ea09249\" data-element_type=\"widget\" data-widget_type=\"text-editor.default\">\n\t\t\t\t<div class=\"elementor-widget-container\">\n\t\t\t\t\t\t\t\t\t<p>Eventos Boutique al Estilo Europeo<\/p>\n\t\t\t\t\t\t\t\t<\/div>\n\t\t\t\t<\/div>\n\t\t\t\t<\/div>\n\t\t\t\t<div class=\"elementor-element elementor-element-7672103 elementor-align-justify elementor-tablet-align-center elementor-widget elementor-widget-button\" data-id=\"7672103\" data-element_type=\"widget\" data-widget_type=\"button.default\">\n\t\t\t\t<div class=\"elementor-widget-container\">\n\t\t\t\t\t\t\t\t\t<div class=\"elementor-button-wrapper\">\n\t\t\t\t\t<a class=\"elementor-button elementor-button-link elementor-size-sm\" href=\"https:\/\/villelarochelle.com\/wp-content\/uploads\/2024\/12\/Ville-La-Rochelle.pdf\" download=\"Ville La Rochelle\">\n\t\t\t\t\t\t<span class=\"elementor-button-content-wrapper\">\n\t\t\t\t\t\t\t\t\t<span class=\"elementor-button-text\">DESCARGAR<\/span>\n\t\t\t\t\t<\/span>\n\t\t\t\t\t<\/a>\n\t\t\t\t<\/div>\n\t\t\t\t\t\t\t\t<\/div>\n\t\t\t\t<\/div>\n\t\t\t\t<\/div>\n\t\t\t\t<\/div>\n\t\t<div class=\"elementor-element elementor-element-905b7e5 e-con-full e-flex e-con e-child\" data-id=\"905b7e5\" data-element_type=\"container\" data-settings=\"{&quot;background_background&quot;:&quot;classic&quot;}\">\n\t\t<div class=\"elementor-element elementor-element-93791bf e-con-full e-flex e-con e-child\" data-id=\"93791bf\" data-element_type=\"container\">\n\t\t<div class=\"elementor-element elementor-element-cb2f0b9 e-con-full e-flex e-con e-child\" data-id=\"cb2f0b9\" data-element_type=\"container\">\n\t\t\t\t<div class=\"elementor-element elementor-element-bbc211c elementor-widget elementor-widget-heading\" data-id=\"bbc211c\" data-element_type=\"widget\" data-widget_type=\"heading.default\">\n\t\t\t\t<div class=\"elementor-widget-container\">\n\t\t\t\t\t<h2 class=\"elementor-heading-title elementor-size-default\">Casa La Mansonni\u00e8re<\/h2>\t\t\t\t<\/div>\n\t\t\t\t<\/div>\n\t\t\t\t<div class=\"elementor-element elementor-element-9c93a1d elementor-widget elementor-widget-text-editor\" data-id=\"9c93a1d\" data-element_type=\"widget\" data-widget_type=\"text-editor.default\">\n\t\t\t\t<div class=\"elementor-widget-container\">\n\t\t\t\t\t\t\t\t\t<p>Alojamiento<\/p>\n\t\t\t\t\t\t\t\t<\/div>\n\t\t\t\t<\/div>\n\t\t\t\t<\/div>\n\t\t\t\t<div class=\"elementor-element elementor-element-c7151dc elementor-align-justify elementor-tablet-align-center elementor-widget elementor-widget-button\" data-id=\"c7151dc\" data-element_type=\"widget\" data-widget_type=\"button.default\">\n\t\t\t\t<div class=\"elementor-widget-container\">\n\t\t\t\t\t\t\t\t\t<div class=\"elementor-button-wrapper\">\n\t\t\t\t\t<a class=\"elementor-button elementor-button-link elementor-size-sm\" href=\"https:\/\/villelarochelle.com\/wp-content\/uploads\/2024\/12\/Hospedagem_-La-Mansonniere-2024.pdf\" download=\"Hospedagem_ La Mansonniere\">\n\t\t\t\t\t\t<span class=\"elementor-button-content-wrapper\">\n\t\t\t\t\t\t\t\t\t<span class=\"elementor-button-text\">DESCARGAR<\/span>\n\t\t\t\t\t<\/span>\n\t\t\t\t\t<\/a>\n\t\t\t\t<\/div>\n\t\t\t\t\t\t\t\t<\/div>\n\t\t\t\t<\/div>\n\t\t\t\t<\/div>\n\t\t\t\t<\/div>\n\t\t<div class=\"elementor-element elementor-element-0d89cbf e-con-full e-flex e-con e-child\" data-id=\"0d89cbf\" data-element_type=\"container\" data-settings=\"{&quot;background_background&quot;:&quot;classic&quot;}\">\n\t\t<div class=\"elementor-element elementor-element-e5329f1 e-con-full e-flex e-con e-child\" data-id=\"e5329f1\" data-element_type=\"container\">\n\t\t<div class=\"elementor-element elementor-element-363cef7 e-con-full e-flex e-con e-child\" data-id=\"363cef7\" data-element_type=\"container\">\n\t\t\t\t<div class=\"elementor-element elementor-element-87cbcd1 elementor-widget elementor-widget-heading\" data-id=\"87cbcd1\" data-element_type=\"widget\" data-widget_type=\"heading.default\">\n\t\t\t\t<div class=\"elementor-widget-container\">\n\t\t\t\t\t<h2 class=\"elementor-heading-title elementor-size-default\">Concepto del estilo europeo<\/h2>\t\t\t\t<\/div>\n\t\t\t\t<\/div>\n\t\t\t\t<\/div>\n\t\t\t\t<div class=\"elementor-element elementor-element-4644bbf elementor-align-justify elementor-tablet-align-center elementor-widget elementor-widget-button\" data-id=\"4644bbf\" data-element_type=\"widget\" data-widget_type=\"button.default\">\n\t\t\t\t<div class=\"elementor-widget-container\">\n\t\t\t\t\t\t\t\t\t<div class=\"elementor-button-wrapper\">\n\t\t\t\t\t<a class=\"elementor-button elementor-button-link elementor-size-sm\" href=\"https:\/\/villelarochelle.com\/wp-content\/uploads\/2024\/12\/Conceito-_VLR_2024-.pdf\" download=\"Conceito _VLR_2024-\">\n\t\t\t\t\t\t<span class=\"elementor-button-content-wrapper\">\n\t\t\t\t\t\t\t\t\t<span class=\"elementor-button-text\">DESCARGAR<\/span>\n\t\t\t\t\t<\/span>\n\t\t\t\t\t<\/a>\n\t\t\t\t<\/div>\n\t\t\t\t\t\t\t\t<\/div>\n\t\t\t\t<\/div>\n\t\t\t\t<\/div>\n\t\t\t\t<\/div>\n\t\t\t\t<\/div>\n\t\t\t\t<\/div>\n\t\t<div class=\"elementor-element elementor-element-5102677 e-con-full e-flex e-con e-parent\" data-id=\"5102677\" data-element_type=\"container\">\n\t\t<div class=\"elementor-element elementor-element-7bf80e4 e-con-full e-flex e-con e-child\" data-id=\"7bf80e4\" data-element_type=\"container\">\n\t\t\t\t<div class=\"elementor-element elementor-element-74e890b elementor-widget elementor-widget-heading\" data-id=\"74e890b\" data-element_type=\"widget\" data-widget_type=\"heading.default\">\n\t\t\t\t<div class=\"elementor-widget-container\">\n\t\t\t\t\t<h2 class=\"elementor-heading-title elementor-size-default\">Tambi\u00e9n puedes ver <br>nuestra propuesta para eventos.<\/h2>\t\t\t\t<\/div>\n\t\t\t\t<\/div>\n\t\t\t\t<div class=\"elementor-element elementor-element-20bbe45 elementor-widget elementor-widget-text-editor\" data-id=\"20bbe45\" data-element_type=\"widget\" data-widget_type=\"text-editor.default\">\n\t\t\t\t<div class=\"elementor-widget-container\">\n\t\t\t\t\t\t\t\t\t<p>Adem\u00e1s, si te gusta la propuesta y deseas aclarar alguna duda,<br \/>cont\u00e1ctanos o agenda una visita t\u00e9cnica por nuestro WhatsApp.<\/p>\n\t\t\t\t\t\t\t\t<\/div>\n\t\t\t\t<\/div>\n\t\t\t\t<\/div>\n\t\t<div class=\"elementor-element elementor-element-3ff5097 e-con-full e-flex e-con e-child\" data-id=\"3ff5097\" data-element_type=\"container\">\n\t\t\t\t<div class=\"elementor-element elementor-element-0a9fcf4 elementor-widget elementor-widget-button\" data-id=\"0a9fcf4\" data-element_type=\"widget\" data-widget_type=\"button.default\">\n\t\t\t\t<div class=\"elementor-widget-container\">\n\t\t\t\t\t\t\t\t\t<div class=\"elementor-button-wrapper\">\n\t\t\t\t\t<a class=\"elementor-button elementor-button-link elementor-size-sm\" href=\"https:\/\/api.whatsapp.com\/send?phone=5511972776868\" target=\"_blank\">\n\t\t\t\t\t\t<span class=\"elementor-button-content-wrapper\">\n\t\t\t\t\t\t<span class=\"elementor-button-icon\">\n\t\t\t\t<svg aria-hidden=\"true\" class=\"e-font-icon-svg e-fab-whatsapp\" viewBox=\"0 0 448 512\" xmlns=\"http:\/\/www.w3.org\/2000\/svg\"><path d=\"M380.9 97.1C339 55.1 283.2 32 223.9 32c-122.4 0-222 99.6-222 222 0 39.1 10.2 77.3 29.6 111L0 480l117.7-30.9c32.4 17.7 68.9 27 106.1 27h.1c122.3 0 224.1-99.6 224.1-222 0-59.3-25.2-115-67.1-157zm-157 341.6c-33.2 0-65.7-8.9-94-25.7l-6.7-4-69.8 18.3L72 359.2l-4.4-7c-18.5-29.4-28.2-63.3-28.2-98.2 0-101.7 82.8-184.5 184.6-184.5 49.3 0 95.6 19.2 130.4 54.1 34.8 34.9 56.2 81.2 56.1 130.5 0 101.8-84.9 184.6-186.6 184.6zm101.2-138.2c-5.5-2.8-32.8-16.2-37.9-18-5.1-1.9-8.8-2.8-12.5 2.8-3.7 5.6-14.3 18-17.6 21.8-3.2 3.7-6.5 4.2-12 1.4-32.6-16.3-54-29.1-75.5-66-5.7-9.8 5.7-9.1 16.3-30.3 1.8-3.7.9-6.9-.5-9.7-1.4-2.8-12.5-30.1-17.1-41.2-4.5-10.8-9.1-9.3-12.5-9.5-3.2-.2-6.9-.2-10.6-.2-3.7 0-9.7 1.4-14.8 6.9-5.1 5.6-19.4 19-19.4 46.3 0 27.3 19.9 53.7 22.6 57.4 2.8 3.7 39.1 59.7 94.8 83.8 35.2 15.2 49 16.5 66.6 13.9 10.7-1.6 32.8-13.4 37.4-26.4 4.6-13 4.6-24.1 3.2-26.4-1.3-2.5-5-3.9-10.5-6.6z\"><\/path><\/svg>\t\t\t<\/span>\n\t\t\t\t\t\t\t\t\t<span class=\"elementor-button-text\">ATENCI\u00d3N POR WHATSAPP<\/span>\n\t\t\t\t\t<\/span>\n\t\t\t\t\t<\/a>\n\t\t\t\t<\/div>\n\t\t\t\t\t\t\t\t<\/div>\n\t\t\t\t<\/div>\n\t\t\t\t<div class=\"elementor-element elementor-element-60baf3c elementor-align-justify elementor-mobile-align-center elementor-widget elementor-widget-button\" data-id=\"60baf3c\" data-element_type=\"widget\" data-widget_type=\"button.default\">\n\t\t\t\t<div class=\"elementor-widget-container\">\n\t\t\t\t\t\t\t\t\t<div class=\"elementor-button-wrapper\">\n\t\t\t\t\t<a class=\"elementor-button elementor-button-link elementor-size-sm\" href=\"https:\/\/villelarochelle.com\/wp-content\/uploads\/2024\/12\/Proposta.pdf\" download=\"Proposta\">\n\t\t\t\t\t\t<span class=\"elementor-button-content-wrapper\">\n\t\t\t\t\t\t\t\t\t<span class=\"elementor-button-text\">DESCARGAR PROPUESTA<\/span>\n\t\t\t\t\t<\/span>\n\t\t\t\t\t<\/a>\n\t\t\t\t<\/div>\n\t\t\t\t\t\t\t\t<\/div>\n\t\t\t\t<\/div>\n\t\t\t\t<\/div>\n\t\t\t\t<\/div>\n\t\t\t\t<\/div>\n\t\t","protected":false},"excerpt":{"rendered":"<p>Hola, \u00a1bienvenido(a)! Ahora puedes ver nuestros folletos y tambi\u00e9n descargarlos para enviarlos a las personas que desees. Ville La Rochelle Eventos Boutique al Estilo Europeo DESCARGAR Casa La Mansonni\u00e8re Alojamiento DESCARGAR Concepto del estilo europeo DESCARGAR Tambi\u00e9n puedes ver nuestra propuesta para eventos. Adem\u00e1s, si te gusta la propuesta y deseas aclarar alguna duda,cont\u00e1ctanos o [&hellip;]<\/p>\n","protected":false},"author":2,"featured_media":3684,"parent":0,"menu_order":0,"comment_status":"closed","ping_status":"closed","template":"elementor_header_footer","meta":{"footnotes":""},"class_list":["post-1904","page","type-page","status-publish","has-post-thumbnail","hentry"],"yoast_head":"<!-- This site is optimized with the Yoast SEO Premium plugin v24.3 (Yoast SEO v25.5) - https:\/\/yoast.com\/wordpress\/plugins\/seo\/ -->\n<title>P\u00e1gina Despu\u00e9s del Registro - Ville La Rochelle - Espacio de Eventos<\/title>\n<meta name=\"robots\" content=\"index, follow, max-snippet:-1, max-image-preview:large, max-video-preview:-1\" \/>\n<link rel=\"canonical\" href=\"https:\/\/villelarochelle.com\/es\/pagina-despues-del-registro\/\" \/>\n<meta property=\"og:locale\" content=\"es_ES\" \/>\n<meta property=\"og:type\" content=\"article\" \/>\n<meta property=\"og:title\" content=\"P\u00e1gina Despu\u00e9s del Registro - Ville La Rochelle\" \/>\n<meta property=\"og:description\" content=\"Um espa\u00e7o de eventos \u00fanico no interior de S\u00e3o Paulo, que alia a eleg\u00e2ncia e o charme dos vilarejos europeus com a beleza natural e a simplicidade do campo.\" \/>\n<meta property=\"og:url\" content=\"https:\/\/villelarochelle.com\/es\/pagina-despues-del-registro\/\" \/>\n<meta property=\"og:site_name\" content=\"Ville La Rochelle - Espacio de Eventos\" \/>\n<meta property=\"article:modified_time\" content=\"2025-01-31T14:46:07+00:00\" \/>\n<meta property=\"og:image\" content=\"https:\/\/villelarochelle.com\/wp-content\/uploads\/2025\/01\/Foto-4.jpg\" \/>\n\t<meta property=\"og:image:width\" content=\"1920\" \/>\n\t<meta property=\"og:image:height\" content=\"1281\" \/>\n\t<meta property=\"og:image:type\" content=\"image\/jpeg\" \/>\n<meta name=\"twitter:card\" content=\"summary_large_image\" \/>\n<script type=\"application\/ld+json\" class=\"yoast-schema-graph\">{\"@context\":\"https:\/\/schema.org\",\"@graph\":[{\"@type\":\"WebPage\",\"@id\":\"https:\/\/villelarochelle.com\/es\/pagina-despues-del-registro\/\",\"url\":\"https:\/\/villelarochelle.com\/es\/pagina-despues-del-registro\/\",\"name\":\"P\u00e1gina Despu\u00e9s del Registro - Ville La Rochelle - Espacio de Eventos\",\"isPartOf\":{\"@id\":\"https:\/\/villelarochelle.com\/#website\"},\"primaryImageOfPage\":{\"@id\":\"https:\/\/villelarochelle.com\/es\/pagina-despues-del-registro\/#primaryimage\"},\"image\":{\"@id\":\"https:\/\/villelarochelle.com\/es\/pagina-despues-del-registro\/#primaryimage\"},\"thumbnailUrl\":\"https:\/\/villelarochelle.com\/wp-content\/uploads\/2025\/01\/Foto-4.jpg\",\"datePublished\":\"2024-12-05T13:55:58+00:00\",\"dateModified\":\"2025-01-31T14:46:07+00:00\",\"breadcrumb\":{\"@id\":\"https:\/\/villelarochelle.com\/es\/pagina-despues-del-registro\/#breadcrumb\"},\"inLanguage\":\"es\",\"potentialAction\":[{\"@type\":\"ReadAction\",\"target\":[\"https:\/\/villelarochelle.com\/es\/pagina-despues-del-registro\/\"]}]},{\"@type\":\"ImageObject\",\"inLanguage\":\"es\",\"@id\":\"https:\/\/villelarochelle.com\/es\/pagina-despues-del-registro\/#primaryimage\",\"url\":\"https:\/\/villelarochelle.com\/wp-content\/uploads\/2025\/01\/Foto-4.jpg\",\"contentUrl\":\"https:\/\/villelarochelle.com\/wp-content\/uploads\/2025\/01\/Foto-4.jpg\",\"width\":1920,\"height\":1281,\"caption\":\"ville-la-rochelle-seiva-fotografia\"},{\"@type\":\"BreadcrumbList\",\"@id\":\"https:\/\/villelarochelle.com\/es\/pagina-despues-del-registro\/#breadcrumb\",\"itemListElement\":[{\"@type\":\"ListItem\",\"position\":1,\"name\":\"In\u00edcio\",\"item\":\"https:\/\/villelarochelle.com\/\"},{\"@type\":\"ListItem\",\"position\":2,\"name\":\"P\u00e1gina Despu\u00e9s del Registro\"}]},{\"@type\":\"WebSite\",\"@id\":\"https:\/\/villelarochelle.com\/#website\",\"url\":\"https:\/\/villelarochelle.com\/\",\"name\":\"Ville La Rochelle - Espacio de Eventos\",\"description\":\"Un espacio de eventos \u00fanico en el interior de S\u00e3o Paulo, que combina la elegancia y el encanto de los pueblos europeos con la belleza natural y la simplicidad del campo.\",\"potentialAction\":[{\"@type\":\"SearchAction\",\"target\":{\"@type\":\"EntryPoint\",\"urlTemplate\":\"https:\/\/villelarochelle.com\/?s={search_term_string}\"},\"query-input\":{\"@type\":\"PropertyValueSpecification\",\"valueRequired\":true,\"valueName\":\"search_term_string\"}}],\"inLanguage\":\"es\"}]}<\/script>\n<!-- \/ Yoast SEO Premium plugin. -->","yoast_head_json":{"title":"P\u00e1gina Despu\u00e9s del Registro - Ville La Rochelle - Espacio de Eventos","robots":{"index":"index","follow":"follow","max-snippet":"max-snippet:-1","max-image-preview":"max-image-preview:large","max-video-preview":"max-video-preview:-1"},"canonical":"https:\/\/villelarochelle.com\/es\/pagina-despues-del-registro\/","og_locale":"es_ES","og_type":"article","og_title":"P\u00e1gina Despu\u00e9s del Registro - Ville La Rochelle","og_description":"Um espa\u00e7o de eventos \u00fanico no interior de S\u00e3o Paulo, que alia a eleg\u00e2ncia e o charme dos vilarejos europeus com a beleza natural e a simplicidade do campo.","og_url":"https:\/\/villelarochelle.com\/es\/pagina-despues-del-registro\/","og_site_name":"Ville La Rochelle - Espacio de Eventos","article_modified_time":"2025-01-31T14:46:07+00:00","og_image":[{"width":1920,"height":1281,"url":"https:\/\/villelarochelle.com\/wp-content\/uploads\/2025\/01\/Foto-4.jpg","type":"image\/jpeg"}],"twitter_card":"summary_large_image","schema":{"@context":"https:\/\/schema.org","@graph":[{"@type":"WebPage","@id":"https:\/\/villelarochelle.com\/es\/pagina-despues-del-registro\/","url":"https:\/\/villelarochelle.com\/es\/pagina-despues-del-registro\/","name":"P\u00e1gina Despu\u00e9s del Registro - Ville La Rochelle - Espacio de Eventos","isPartOf":{"@id":"https:\/\/villelarochelle.com\/#website"},"primaryImageOfPage":{"@id":"https:\/\/villelarochelle.com\/es\/pagina-despues-del-registro\/#primaryimage"},"image":{"@id":"https:\/\/villelarochelle.com\/es\/pagina-despues-del-registro\/#primaryimage"},"thumbnailUrl":"https:\/\/villelarochelle.com\/wp-content\/uploads\/2025\/01\/Foto-4.jpg","datePublished":"2024-12-05T13:55:58+00:00","dateModified":"2025-01-31T14:46:07+00:00","breadcrumb":{"@id":"https:\/\/villelarochelle.com\/es\/pagina-despues-del-registro\/#breadcrumb"},"inLanguage":"es","potentialAction":[{"@type":"ReadAction","target":["https:\/\/villelarochelle.com\/es\/pagina-despues-del-registro\/"]}]},{"@type":"ImageObject","inLanguage":"es","@id":"https:\/\/villelarochelle.com\/es\/pagina-despues-del-registro\/#primaryimage","url":"https:\/\/villelarochelle.com\/wp-content\/uploads\/2025\/01\/Foto-4.jpg","contentUrl":"https:\/\/villelarochelle.com\/wp-content\/uploads\/2025\/01\/Foto-4.jpg","width":1920,"height":1281,"caption":"ville-la-rochelle-seiva-fotografia"},{"@type":"BreadcrumbList","@id":"https:\/\/villelarochelle.com\/es\/pagina-despues-del-registro\/#breadcrumb","itemListElement":[{"@type":"ListItem","position":1,"name":"In\u00edcio","item":"https:\/\/villelarochelle.com\/"},{"@type":"ListItem","position":2,"name":"P\u00e1gina Despu\u00e9s del Registro"}]},{"@type":"WebSite","@id":"https:\/\/villelarochelle.com\/#website","url":"https:\/\/villelarochelle.com\/","name":"Ville La Rochelle - Espacio de Eventos","description":"Un espacio de eventos \u00fanico en el interior de S\u00e3o Paulo, que combina la elegancia y el encanto de los pueblos europeos con la belleza natural y la simplicidad del campo.","potentialAction":[{"@type":"SearchAction","target":{"@type":"EntryPoint","urlTemplate":"https:\/\/villelarochelle.com\/?s={search_term_string}"},"query-input":{"@type":"PropertyValueSpecification","valueRequired":true,"valueName":"search_term_string"}}],"inLanguage":"es"}]}},"_links":{"self":[{"href":"https:\/\/villelarochelle.com\/es\/wp-json\/wp\/v2\/pages\/1904","targetHints":{"allow":["GET"]}}],"collection":[{"href":"https:\/\/villelarochelle.com\/es\/wp-json\/wp\/v2\/pages"}],"about":[{"href":"https:\/\/villelarochelle.com\/es\/wp-json\/wp\/v2\/types\/page"}],"author":[{"embeddable":true,"href":"https:\/\/villelarochelle.com\/es\/wp-json\/wp\/v2\/users\/2"}],"replies":[{"embeddable":true,"href":"https:\/\/villelarochelle.com\/es\/wp-json\/wp\/v2\/comments?post=1904"}],"version-history":[{"count":4,"href":"https:\/\/villelarochelle.com\/es\/wp-json\/wp\/v2\/pages\/1904\/revisions"}],"predecessor-version":[{"id":3993,"href":"https:\/\/villelarochelle.com\/es\/wp-json\/wp\/v2\/pages\/1904\/revisions\/3993"}],"wp:featuredmedia":[{"embeddable":true,"href":"https:\/\/villelarochelle.com\/es\/wp-json\/wp\/v2\/media\/3684"}],"wp:attachment":[{"href":"https:\/\/villelarochelle.com\/es\/wp-json\/wp\/v2\/media?parent=1904"}],"curies":[{"name":"wp","href":"https:\/\/api.w.org\/{rel}","templated":true}]}}