{"id":1893,"date":"2024-12-05T13:37:55","date_gmt":"2024-12-05T13:37:55","guid":{"rendered":"https:\/\/villelarochelle.com\/contato\/"},"modified":"2025-01-31T14:49:21","modified_gmt":"2025-01-31T14:49:21","slug":"contato","status":"publish","type":"page","link":"https:\/\/villelarochelle.com\/es\/contato\/","title":{"rendered":"Contacto"},"content":{"rendered":"\t\t<div data-elementor-type=\"wp-page\" data-elementor-id=\"1893\" class=\"elementor elementor-1893 elementor-317\" data-elementor-post-type=\"page\">\n\t\t\t\t<div class=\"elementor-element elementor-element-00333c8 e-con-full e-flex e-con e-parent\" data-id=\"00333c8\" data-element_type=\"container\">\n\t\t<div class=\"elementor-element elementor-element-7a9e7f0 e-con-full e-flex e-con e-child\" data-id=\"7a9e7f0\" data-element_type=\"container\">\n\t\t\t\t<div class=\"elementor-element elementor-element-3b3660b elementor-widget elementor-widget-heading\" data-id=\"3b3660b\" data-element_type=\"widget\" data-widget_type=\"heading.default\">\n\t\t\t\t<div class=\"elementor-widget-container\">\n\t\t\t\t\t<h2 class=\"elementor-heading-title elementor-size-default\">Cont\u00e1ctanos<\/h2>\t\t\t\t<\/div>\n\t\t\t\t<\/div>\n\t\t\t\t<div class=\"elementor-element elementor-element-9039716 elementor-widget elementor-widget-text-editor\" data-id=\"9039716\" data-element_type=\"widget\" data-widget_type=\"text-editor.default\">\n\t\t\t\t<div class=\"elementor-widget-container\">\n\t\t\t\t\t\t\t\t\t<p>Si deseas recibir m\u00e1s informaci\u00f3n sobre la propuesta de Ville La Rochelle, por favor completa los datos a continuaci\u00f3n:<\/p>\n\t\t\t\t\t\t\t\t<\/div>\n\t\t\t\t<\/div>\n\t\t\t\t<div class=\"elementor-element elementor-element-edeef6d elementor-button-align-center elementor-widget elementor-widget-form\" data-id=\"edeef6d\" data-element_type=\"widget\" data-settings=\"{&quot;step_next_label&quot;:&quot;Next&quot;,&quot;step_previous_label&quot;:&quot;Previous&quot;,&quot;button_width&quot;:&quot;100&quot;,&quot;step_type&quot;:&quot;number_text&quot;,&quot;step_icon_shape&quot;:&quot;circle&quot;}\" data-widget_type=\"form.default\">\n\t\t\t\t<div class=\"elementor-widget-container\">\n\t\t\t\t\t\t\t<form class=\"elementor-form\" method=\"post\" name=\"Formulario\" aria-label=\"Formulario\">\n\t\t\t<input type=\"hidden\" name=\"post_id\" value=\"1893\"\/>\n\t\t\t<input type=\"hidden\" name=\"form_id\" value=\"edeef6d\"\/>\n\t\t\t<input type=\"hidden\" name=\"referer_title\" value=\"Ville La Rochelle &#8211; Espacio de Eventos\" \/>\n\n\t\t\t\n\t\t\t<div class=\"elementor-form-fields-wrapper elementor-labels-\">\n\t\t\t\t\t\t\t\t<div class=\"elementor-field-type-text elementor-field-group elementor-column elementor-field-group-name elementor-col-100 elementor-field-required\">\n\t\t\t\t\t\t\t\t\t\t\t\t<label for=\"form-field-name\" class=\"elementor-field-label elementor-screen-only\">\n\t\t\t\t\t\t\t\tNombre\t\t\t\t\t\t\t<\/label>\n\t\t\t\t\t\t\t\t\t\t\t\t\t\t<input size=\"1\" type=\"text\" name=\"form_fields[name]\" id=\"form-field-name\" class=\"elementor-field elementor-size-sm  elementor-field-textual\" placeholder=\"Nombre\" required=\"required\">\n\t\t\t\t\t\t\t\t\t\t\t<\/div>\n\t\t\t\t\t\t\t\t<div class=\"elementor-field-type-text elementor-field-group elementor-column elementor-field-group-lastname elementor-col-100 elementor-field-required\">\n\t\t\t\t\t\t\t\t\t\t\t\t<label for=\"form-field-lastname\" class=\"elementor-field-label elementor-screen-only\">\n\t\t\t\t\t\t\t\tApellido\t\t\t\t\t\t\t<\/label>\n\t\t\t\t\t\t\t\t\t\t\t\t\t\t<input size=\"1\" type=\"text\" name=\"form_fields[lastname]\" id=\"form-field-lastname\" class=\"elementor-field elementor-size-sm  elementor-field-textual\" placeholder=\"Apellido\" required=\"required\">\n\t\t\t\t\t\t\t\t\t\t\t<\/div>\n\t\t\t\t\t\t\t\t<div class=\"elementor-field-type-email elementor-field-group elementor-column elementor-field-group-email elementor-col-100 elementor-field-required\">\n\t\t\t\t\t\t\t\t\t\t\t\t<label for=\"form-field-email\" class=\"elementor-field-label elementor-screen-only\">\n\t\t\t\t\t\t\t\tE-mail\t\t\t\t\t\t\t<\/label>\n\t\t\t\t\t\t\t\t\t\t\t\t\t\t<input size=\"1\" type=\"email\" name=\"form_fields[email]\" id=\"form-field-email\" class=\"elementor-field elementor-size-sm  elementor-field-textual\" placeholder=\"E-mail\" required=\"required\">\n\t\t\t\t\t\t\t\t\t\t\t<\/div>\n\t\t\t\t\t\t\t\t<div class=\"elementor-field-type-tel elementor-field-group elementor-column elementor-field-group-phone elementor-col-100 elementor-field-required\">\n\t\t\t\t\t\t\t\t\t\t\t\t<label for=\"form-field-phone\" class=\"elementor-field-label elementor-screen-only\">\n\t\t\t\t\t\t\t\tTel\u00e9fono\t\t\t\t\t\t\t<\/label>\n\t\t\t\t\t\t\t\t<input size=\"1\" type=\"tel\" name=\"form_fields[phone]\" id=\"form-field-phone\" class=\"elementor-field elementor-size-sm  elementor-field-textual\" placeholder=\"Tel\u00e9fono\" required=\"required\" pattern=\"[0-9()#&amp;+*-=.]+\" title=\"Only numbers and phone characters (#, -, *, etc) are accepted.\">\n\n\t\t\t\t\t\t<\/div>\n\t\t\t\t\t\t\t\t<div class=\"elementor-field-type-text elementor-field-group elementor-column elementor-field-group-address elementor-col-100 elementor-field-required\">\n\t\t\t\t\t\t\t\t\t\t\t\t<label for=\"form-field-address\" class=\"elementor-field-label elementor-screen-only\">\n\t\t\t\t\t\t\t\tDirecci\u00f3n\t\t\t\t\t\t\t<\/label>\n\t\t\t\t\t\t\t\t\t\t\t\t\t\t<input size=\"1\" type=\"text\" name=\"form_fields[address]\" id=\"form-field-address\" class=\"elementor-field elementor-size-sm  elementor-field-textual\" placeholder=\"Direcci\u00f3n\" required=\"required\">\n\t\t\t\t\t\t\t\t\t\t\t<\/div>\n\t\t\t\t\t\t\t\t<div class=\"elementor-field-type-select elementor-field-group elementor-column elementor-field-group-person_type elementor-col-100 elementor-field-required\">\n\t\t\t\t\t\t\t\t\t\t\t\t<label for=\"form-field-person_type\" class=\"elementor-field-label elementor-screen-only\">\n\t\t\t\t\t\t\t\tT\u00fa eres\t\t\t\t\t\t\t<\/label>\n\t\t\t\t\t\t\t\t<div class=\"elementor-field elementor-select-wrapper remove-before \">\n\t\t\t<div class=\"select-caret-down-wrapper\">\n\t\t\t\t<svg aria-hidden=\"true\" class=\"e-font-icon-svg e-eicon-caret-down\" viewBox=\"0 0 571.4 571.4\" xmlns=\"http:\/\/www.w3.org\/2000\/svg\"><path d=\"M571 393Q571 407 561 418L311 668Q300 679 286 679T261 668L11 418Q0 407 0 393T11 368 36 357H536Q550 357 561 368T571 393Z\"><\/path><\/svg>\t\t\t<\/div>\n\t\t\t<select name=\"form_fields[person_type]\" id=\"form-field-person_type\" class=\"elementor-field-textual elementor-size-sm\" required=\"required\">\n\t\t\t\t\t\t\t\t\t<option value=\"\">Eres <\/option>\n\t\t\t\t\t\t\t\t\t<option value=\"Novia \">Novia <\/option>\n\t\t\t\t\t\t\t\t\t<option value=\"Novio \">Novio <\/option>\n\t\t\t\t\t\t\t\t\t<option value=\"Asesor de eventos \">Asesor de eventos <\/option>\n\t\t\t\t\t\t\t\t\t<option value=\"Familiar de los novios\">Familiar de los novios<\/option>\n\t\t\t\t\t\t\t<\/select>\n\t\t<\/div>\n\t\t\t\t\t\t<\/div>\n\t\t\t\t\t\t\t\t<div class=\"elementor-field-type-select elementor-field-group elementor-column elementor-field-group-acct_evento_ser_em elementor-col-100 elementor-field-required\">\n\t\t\t\t\t\t\t\t\t\t\t\t<label for=\"form-field-acct_evento_ser_em\" class=\"elementor-field-label elementor-screen-only\">\n\t\t\t\t\t\t\t\t\u00bfCu\u00e1ndo ser\u00e1 el evento?\t\t\t\t\t\t\t<\/label>\n\t\t\t\t\t\t\t\t<div class=\"elementor-field elementor-select-wrapper remove-before \">\n\t\t\t<div class=\"select-caret-down-wrapper\">\n\t\t\t\t<svg aria-hidden=\"true\" class=\"e-font-icon-svg e-eicon-caret-down\" viewBox=\"0 0 571.4 571.4\" xmlns=\"http:\/\/www.w3.org\/2000\/svg\"><path d=\"M571 393Q571 407 561 418L311 668Q300 679 286 679T261 668L11 418Q0 407 0 393T11 368 36 357H536Q550 357 561 368T571 393Z\"><\/path><\/svg>\t\t\t<\/div>\n\t\t\t<select name=\"form_fields[acct_evento_ser_em]\" id=\"form-field-acct_evento_ser_em\" class=\"elementor-field-textual elementor-size-sm\" required=\"required\">\n\t\t\t\t\t\t\t\t\t<option value=\"2025\">2025<\/option>\n\t\t\t\t\t\t\t\t\t<option value=\"2026\">2026<\/option>\n\t\t\t\t\t\t\t\t\t<option value=\"2027\">2027<\/option>\n\t\t\t\t\t\t\t<\/select>\n\t\t<\/div>\n\t\t\t\t\t\t<\/div>\n\t\t\t\t\t\t\t\t<div class=\"elementor-field-type-select elementor-field-group elementor-column elementor-field-group-heard elementor-col-100 elementor-field-required\">\n\t\t\t\t\t\t\t\t\t\t\t\t<label for=\"form-field-heard\" class=\"elementor-field-label elementor-screen-only\">\n\t\t\t\t\t\t\t\t\u00bfC\u00f3mo nos conociste?\t\t\t\t\t\t\t<\/label>\n\t\t\t\t\t\t\t\t<div class=\"elementor-field elementor-select-wrapper remove-before \">\n\t\t\t<div class=\"select-caret-down-wrapper\">\n\t\t\t\t<svg aria-hidden=\"true\" class=\"e-font-icon-svg e-eicon-caret-down\" viewBox=\"0 0 571.4 571.4\" xmlns=\"http:\/\/www.w3.org\/2000\/svg\"><path d=\"M571 393Q571 407 561 418L311 668Q300 679 286 679T261 668L11 418Q0 407 0 393T11 368 36 357H536Q550 357 561 368T571 393Z\"><\/path><\/svg>\t\t\t<\/div>\n\t\t\t<select name=\"form_fields[heard]\" id=\"form-field-heard\" class=\"elementor-field-textual elementor-size-sm\" required=\"required\">\n\t\t\t\t\t\t\t\t\t<option value=\" \">\u00bfC\u00f3mo nos conociste? <\/option>\n\t\t\t\t\t\t\t\t\t<option value=\"Instagram \">Instagram <\/option>\n\t\t\t\t\t\t\t\t\t<option value=\"Pinterest \">Pinterest <\/option>\n\t\t\t\t\t\t\t\t\t<option value=\"Google \">Google <\/option>\n\t\t\t\t\t\t\t\t\t<option value=\"Referencia \">Referencia <\/option>\n\t\t\t\t\t\t\t\t\t<option value=\"Asisti\u00f3 a un evento\">Asisti\u00f3 a un evento<\/option>\n\t\t\t\t\t\t\t<\/select>\n\t\t<\/div>\n\t\t\t\t\t\t<\/div>\n\t\t\t\t\t\t\t\t<div class=\"elementor-field-group elementor-column elementor-field-type-submit elementor-col-100 e-form__buttons\">\n\t\t\t\t\t<button class=\"elementor-button elementor-size-sm\" type=\"submit\">\n\t\t\t\t\t\t<span class=\"elementor-button-content-wrapper\">\n\t\t\t\t\t\t\t\t\t\t\t\t\t\t\t\t\t\t\t\t\t\t<span class=\"elementor-button-text\">ENVIAR<\/span>\n\t\t\t\t\t\t\t\t\t\t\t\t\t<\/span>\n\t\t\t\t\t<\/button>\n\t\t\t\t<\/div>\n\t\t\t<\/div>\n\t\t<\/form>\n\t\t\t\t\t\t<\/div>\n\t\t\t\t<\/div>\n\t\t\t\t<\/div>\n\t\t\t\t<\/div>\n\t\t<div class=\"elementor-element elementor-element-a46d7ce e-con-full e-flex e-con e-parent\" data-id=\"a46d7ce\" data-element_type=\"container\" id=\"localizacao\">\n\t\t<div class=\"elementor-element elementor-element-dc330a8 e-con-full e-flex e-con e-child\" data-id=\"dc330a8\" data-element_type=\"container\">\n\t\t\t\t<div class=\"elementor-element elementor-element-1a9ff2c elementor-widget elementor-widget-heading\" data-id=\"1a9ff2c\" data-element_type=\"widget\" data-widget_type=\"heading.default\">\n\t\t\t\t<div class=\"elementor-widget-container\">\n\t\t\t\t\t<h2 class=\"elementor-heading-title elementor-size-default\">Ubicaci\u00f3n<\/h2>\t\t\t\t<\/div>\n\t\t\t\t<\/div>\n\t\t\t\t<\/div>\n\t\t<div class=\"elementor-element elementor-element-cc46281 e-con-full e-flex e-con e-child\" data-id=\"cc46281\" data-element_type=\"container\">\n\t\t\t\t<div class=\"elementor-element elementor-element-b8329cd elementor-widget-tablet__width-initial elementor-widget elementor-widget-image\" data-id=\"b8329cd\" data-element_type=\"widget\" data-widget_type=\"image.default\">\n\t\t\t\t<div class=\"elementor-widget-container\">\n\t\t\t\t\t\t\t\t\t\t\t\t\t\t\t<img fetchpriority=\"high\" decoding=\"async\" width=\"1396\" height=\"1050\" src=\"https:\/\/villelarochelle.com\/wp-content\/uploads\/2024\/12\/Mapa-VLR.png\" class=\"attachment-full size-full wp-image-947\" alt=\"\" srcset=\"https:\/\/villelarochelle.com\/wp-content\/uploads\/2024\/12\/Mapa-VLR.png 1396w, https:\/\/villelarochelle.com\/wp-content\/uploads\/2024\/12\/Mapa-VLR-300x226.png 300w, https:\/\/villelarochelle.com\/wp-content\/uploads\/2024\/12\/Mapa-VLR-1024x770.png 1024w, https:\/\/villelarochelle.com\/wp-content\/uploads\/2024\/12\/Mapa-VLR-768x578.png 768w\" sizes=\"(max-width: 1396px) 100vw, 1396px\" \/>\t\t\t\t\t\t\t\t\t\t\t\t\t\t\t<\/div>\n\t\t\t\t<\/div>\n\t\t<div class=\"elementor-element elementor-element-75c7b40 e-con-full e-flex e-con e-child\" data-id=\"75c7b40\" data-element_type=\"container\">\n\t\t<div class=\"elementor-element elementor-element-7b18616 e-con-full e-flex e-con e-child\" data-id=\"7b18616\" data-element_type=\"container\">\n\t\t\t\t<div class=\"elementor-element elementor-element-20654c5 elementor-widget elementor-widget-heading\" data-id=\"20654c5\" data-element_type=\"widget\" data-widget_type=\"heading.default\">\n\t\t\t\t<div class=\"elementor-widget-container\">\n\t\t\t\t\t<h2 class=\"elementor-heading-title elementor-size-default\">Distancias<\/h2>\t\t\t\t<\/div>\n\t\t\t\t<\/div>\n\t\t\t\t<div class=\"elementor-element elementor-element-9052799 elementor-widget elementor-widget-text-editor\" data-id=\"9052799\" data-element_type=\"widget\" data-widget_type=\"text-editor.default\">\n\t\t\t\t<div class=\"elementor-widget-container\">\n\t\t\t\t\t\t\t\t\t<ul class=\"nav-list\">\n  <li class=\"nav-item\">S\u00e3o Paulo &#8211; 75km<\/li>\n  <li class=\"nav-item\">Campinas &#8211; 70km<\/li>\n  <li class=\"nav-item\">Jarin\u00fa &#8211; 10km<\/li>\n  <li class=\"nav-item\">Jundia\u00ed &#8211; 35km<\/li>\n  <li class=\"nav-item\">Atibaia &#8211; 35km<\/li>\n  <li class=\"nav-item\">Itatiba &#8211; 37km<\/li>\n  <li class=\"nav-item\">Bragan\u00e7a Paulista &#8211; 53km<\/li>\n<\/ul>\n\t\t\t\t\t\t\t\t<\/div>\n\t\t\t\t<\/div>\n\t\t\t\t<\/div>\n\t\t<div class=\"elementor-element elementor-element-eb6478b e-con-full e-flex e-con e-child\" data-id=\"eb6478b\" data-element_type=\"container\">\n\t\t<div class=\"elementor-element elementor-element-be10ff8 e-con-full e-flex e-con e-child\" data-id=\"be10ff8\" data-element_type=\"container\">\n\t\t\t\t<div class=\"elementor-element elementor-element-7acace5 elementor-widget elementor-widget-heading\" data-id=\"7acace5\" data-element_type=\"widget\" data-widget_type=\"heading.default\">\n\t\t\t\t<div class=\"elementor-widget-container\">\n\t\t\t\t\t<h2 class=\"elementor-heading-title elementor-size-default\">Aeropuertos<\/h2>\t\t\t\t<\/div>\n\t\t\t\t<\/div>\n\t\t\t\t<div class=\"elementor-element elementor-element-59a7433 elementor-widget elementor-widget-text-editor\" data-id=\"59a7433\" data-element_type=\"widget\" data-widget_type=\"text-editor.default\">\n\t\t\t\t<div class=\"elementor-widget-container\">\n\t\t\t\t\t\t\t\t\t<ul class=\"nav-list\">\n<li class=\"nav-item\">Viracopos &#8211; 69,5km (1h10)<\/li>\n<li class=\"nav-item\">Guarulhos &#8211; 70,6km (1h20)<\/li>\n<\/ul>\n\t\t\t\t\t\t\t\t<\/div>\n\t\t\t\t<\/div>\n\t\t\t\t<\/div>\n\t\t<div class=\"elementor-element elementor-element-6372f68 e-con-full e-flex e-con e-child\" data-id=\"6372f68\" data-element_type=\"container\">\n\t\t\t\t<div class=\"elementor-element elementor-element-43923ef elementor-widget elementor-widget-button\" data-id=\"43923ef\" data-element_type=\"widget\" data-widget_type=\"button.default\">\n\t\t\t\t<div class=\"elementor-widget-container\">\n\t\t\t\t\t\t\t\t\t<div class=\"elementor-button-wrapper\">\n\t\t\t\t\t<a class=\"elementor-button elementor-button-link elementor-size-sm\" href=\"https:\/\/www.google.com\/maps\/place\/Ville+La+Rochelle+-+Espa%C3%A7o+de+Eventos\/@-23.1567434,-46.6786078,17z\/data=!4m5!3m4!1s0x94cedde0dc71cd31:0x9cb7246d4fe76795!8m2!3d-23.1565971!4d-46.6785887\" target=\"_blank\">\n\t\t\t\t\t\t<span class=\"elementor-button-content-wrapper\">\n\t\t\t\t\t\t\t\t\t<span class=\"elementor-button-text\">ABRIR EN MAPS<\/span>\n\t\t\t\t\t<\/span>\n\t\t\t\t\t<\/a>\n\t\t\t\t<\/div>\n\t\t\t\t\t\t\t\t<\/div>\n\t\t\t\t<\/div>\n\t\t\t\t<\/div>\n\t\t\t\t<\/div>\n\t\t\t\t<\/div>\n\t\t\t\t<\/div>\n\t\t\t\t<\/div>\n\t\t\t\t<\/div>\n\t\t","protected":false},"excerpt":{"rendered":"<p>Cont\u00e1ctanos Si deseas recibir m\u00e1s informaci\u00f3n sobre la propuesta de Ville La Rochelle, por favor completa los datos a continuaci\u00f3n: Ubicaci\u00f3n Distancias S\u00e3o Paulo &#8211; 75km Campinas &#8211; 70km Jarin\u00fa &#8211; 10km Jundia\u00ed &#8211; 35km Atibaia &#8211; 35km Itatiba &#8211; 37km Bragan\u00e7a Paulista &#8211; 53km Aeropuertos Viracopos &#8211; 69,5km (1h10) Guarulhos &#8211; 70,6km (1h20) ABRIR [&hellip;]<\/p>\n","protected":false},"author":2,"featured_media":3668,"parent":0,"menu_order":0,"comment_status":"closed","ping_status":"closed","template":"elementor_header_footer","meta":{"footnotes":""},"class_list":["post-1893","page","type-page","status-publish","has-post-thumbnail","hentry"],"yoast_head":"<!-- This site is optimized with the Yoast SEO Premium plugin v24.3 (Yoast SEO v25.5) - https:\/\/yoast.com\/wordpress\/plugins\/seo\/ -->\n<title>Contacto - Ville La Rochelle - Espacio de Eventos<\/title>\n<meta name=\"robots\" content=\"index, follow, max-snippet:-1, max-image-preview:large, max-video-preview:-1\" \/>\n<link rel=\"canonical\" href=\"https:\/\/villelarochelle.com\/es\/contato\/\" \/>\n<meta property=\"og:locale\" content=\"es_ES\" \/>\n<meta property=\"og:type\" content=\"article\" \/>\n<meta property=\"og:title\" content=\"Contacto - Ville La Rochelle\" \/>\n<meta property=\"og:description\" content=\"Um espa\u00e7o de eventos \u00fanico no interior de S\u00e3o Paulo, que alia a eleg\u00e2ncia e o charme dos vilarejos europeus com a beleza natural e a simplicidade do campo.\" \/>\n<meta property=\"og:url\" content=\"https:\/\/villelarochelle.com\/es\/contato\/\" \/>\n<meta property=\"og:site_name\" content=\"Ville La Rochelle - Espacio de Eventos\" \/>\n<meta property=\"article:modified_time\" content=\"2025-01-31T14:49:21+00:00\" \/>\n<meta property=\"og:image\" content=\"https:\/\/villelarochelle.com\/wp-content\/uploads\/2025\/01\/VilleLaRochelle-044.jpg\" \/>\n\t<meta property=\"og:image:width\" content=\"1920\" \/>\n\t<meta property=\"og:image:height\" content=\"1281\" \/>\n\t<meta property=\"og:image:type\" content=\"image\/jpeg\" \/>\n<meta name=\"twitter:card\" content=\"summary_large_image\" \/>\n<script type=\"application\/ld+json\" class=\"yoast-schema-graph\">{\"@context\":\"https:\/\/schema.org\",\"@graph\":[{\"@type\":\"WebPage\",\"@id\":\"https:\/\/villelarochelle.com\/es\/contato\/\",\"url\":\"https:\/\/villelarochelle.com\/es\/contato\/\",\"name\":\"Contacto - Ville La Rochelle - Espacio de Eventos\",\"isPartOf\":{\"@id\":\"https:\/\/villelarochelle.com\/#website\"},\"primaryImageOfPage\":{\"@id\":\"https:\/\/villelarochelle.com\/es\/contato\/#primaryimage\"},\"image\":{\"@id\":\"https:\/\/villelarochelle.com\/es\/contato\/#primaryimage\"},\"thumbnailUrl\":\"https:\/\/villelarochelle.com\/wp-content\/uploads\/2025\/01\/VilleLaRochelle-044.jpg\",\"datePublished\":\"2024-12-05T13:37:55+00:00\",\"dateModified\":\"2025-01-31T14:49:21+00:00\",\"breadcrumb\":{\"@id\":\"https:\/\/villelarochelle.com\/es\/contato\/#breadcrumb\"},\"inLanguage\":\"es\",\"potentialAction\":[{\"@type\":\"ReadAction\",\"target\":[\"https:\/\/villelarochelle.com\/es\/contato\/\"]}]},{\"@type\":\"ImageObject\",\"inLanguage\":\"es\",\"@id\":\"https:\/\/villelarochelle.com\/es\/contato\/#primaryimage\",\"url\":\"https:\/\/villelarochelle.com\/wp-content\/uploads\/2025\/01\/VilleLaRochelle-044.jpg\",\"contentUrl\":\"https:\/\/villelarochelle.com\/wp-content\/uploads\/2025\/01\/VilleLaRochelle-044.jpg\",\"width\":1920,\"height\":1281,\"caption\":\"ville-la-rochelle-seiva-fotografia\"},{\"@type\":\"BreadcrumbList\",\"@id\":\"https:\/\/villelarochelle.com\/es\/contato\/#breadcrumb\",\"itemListElement\":[{\"@type\":\"ListItem\",\"position\":1,\"name\":\"In\u00edcio\",\"item\":\"https:\/\/villelarochelle.com\/\"},{\"@type\":\"ListItem\",\"position\":2,\"name\":\"Contacto\"}]},{\"@type\":\"WebSite\",\"@id\":\"https:\/\/villelarochelle.com\/#website\",\"url\":\"https:\/\/villelarochelle.com\/\",\"name\":\"Ville La Rochelle - Espacio de Eventos\",\"description\":\"Un espacio de eventos \u00fanico en el interior de S\u00e3o Paulo, que combina la elegancia y el encanto de los pueblos europeos con la belleza natural y la simplicidad del campo.\",\"potentialAction\":[{\"@type\":\"SearchAction\",\"target\":{\"@type\":\"EntryPoint\",\"urlTemplate\":\"https:\/\/villelarochelle.com\/?s={search_term_string}\"},\"query-input\":{\"@type\":\"PropertyValueSpecification\",\"valueRequired\":true,\"valueName\":\"search_term_string\"}}],\"inLanguage\":\"es\"}]}<\/script>\n<!-- \/ Yoast SEO Premium plugin. -->","yoast_head_json":{"title":"Contacto - Ville La Rochelle - Espacio de Eventos","robots":{"index":"index","follow":"follow","max-snippet":"max-snippet:-1","max-image-preview":"max-image-preview:large","max-video-preview":"max-video-preview:-1"},"canonical":"https:\/\/villelarochelle.com\/es\/contato\/","og_locale":"es_ES","og_type":"article","og_title":"Contacto - Ville La Rochelle","og_description":"Um espa\u00e7o de eventos \u00fanico no interior de S\u00e3o Paulo, que alia a eleg\u00e2ncia e o charme dos vilarejos europeus com a beleza natural e a simplicidade do campo.","og_url":"https:\/\/villelarochelle.com\/es\/contato\/","og_site_name":"Ville La Rochelle - Espacio de Eventos","article_modified_time":"2025-01-31T14:49:21+00:00","og_image":[{"width":1920,"height":1281,"url":"https:\/\/villelarochelle.com\/wp-content\/uploads\/2025\/01\/VilleLaRochelle-044.jpg","type":"image\/jpeg"}],"twitter_card":"summary_large_image","schema":{"@context":"https:\/\/schema.org","@graph":[{"@type":"WebPage","@id":"https:\/\/villelarochelle.com\/es\/contato\/","url":"https:\/\/villelarochelle.com\/es\/contato\/","name":"Contacto - Ville La Rochelle - Espacio de Eventos","isPartOf":{"@id":"https:\/\/villelarochelle.com\/#website"},"primaryImageOfPage":{"@id":"https:\/\/villelarochelle.com\/es\/contato\/#primaryimage"},"image":{"@id":"https:\/\/villelarochelle.com\/es\/contato\/#primaryimage"},"thumbnailUrl":"https:\/\/villelarochelle.com\/wp-content\/uploads\/2025\/01\/VilleLaRochelle-044.jpg","datePublished":"2024-12-05T13:37:55+00:00","dateModified":"2025-01-31T14:49:21+00:00","breadcrumb":{"@id":"https:\/\/villelarochelle.com\/es\/contato\/#breadcrumb"},"inLanguage":"es","potentialAction":[{"@type":"ReadAction","target":["https:\/\/villelarochelle.com\/es\/contato\/"]}]},{"@type":"ImageObject","inLanguage":"es","@id":"https:\/\/villelarochelle.com\/es\/contato\/#primaryimage","url":"https:\/\/villelarochelle.com\/wp-content\/uploads\/2025\/01\/VilleLaRochelle-044.jpg","contentUrl":"https:\/\/villelarochelle.com\/wp-content\/uploads\/2025\/01\/VilleLaRochelle-044.jpg","width":1920,"height":1281,"caption":"ville-la-rochelle-seiva-fotografia"},{"@type":"BreadcrumbList","@id":"https:\/\/villelarochelle.com\/es\/contato\/#breadcrumb","itemListElement":[{"@type":"ListItem","position":1,"name":"In\u00edcio","item":"https:\/\/villelarochelle.com\/"},{"@type":"ListItem","position":2,"name":"Contacto"}]},{"@type":"WebSite","@id":"https:\/\/villelarochelle.com\/#website","url":"https:\/\/villelarochelle.com\/","name":"Ville La Rochelle - Espacio de Eventos","description":"Un espacio de eventos \u00fanico en el interior de S\u00e3o Paulo, que combina la elegancia y el encanto de los pueblos europeos con la belleza natural y la simplicidad del campo.","potentialAction":[{"@type":"SearchAction","target":{"@type":"EntryPoint","urlTemplate":"https:\/\/villelarochelle.com\/?s={search_term_string}"},"query-input":{"@type":"PropertyValueSpecification","valueRequired":true,"valueName":"search_term_string"}}],"inLanguage":"es"}]}},"_links":{"self":[{"href":"https:\/\/villelarochelle.com\/es\/wp-json\/wp\/v2\/pages\/1893","targetHints":{"allow":["GET"]}}],"collection":[{"href":"https:\/\/villelarochelle.com\/es\/wp-json\/wp\/v2\/pages"}],"about":[{"href":"https:\/\/villelarochelle.com\/es\/wp-json\/wp\/v2\/types\/page"}],"author":[{"embeddable":true,"href":"https:\/\/villelarochelle.com\/es\/wp-json\/wp\/v2\/users\/2"}],"replies":[{"embeddable":true,"href":"https:\/\/villelarochelle.com\/es\/wp-json\/wp\/v2\/comments?post=1893"}],"version-history":[{"count":13,"href":"https:\/\/villelarochelle.com\/es\/wp-json\/wp\/v2\/pages\/1893\/revisions"}],"predecessor-version":[{"id":3996,"href":"https:\/\/villelarochelle.com\/es\/wp-json\/wp\/v2\/pages\/1893\/revisions\/3996"}],"wp:featuredmedia":[{"embeddable":true,"href":"https:\/\/villelarochelle.com\/es\/wp-json\/wp\/v2\/media\/3668"}],"wp:attachment":[{"href":"https:\/\/villelarochelle.com\/es\/wp-json\/wp\/v2\/media?parent=1893"}],"curies":[{"name":"wp","href":"https:\/\/api.w.org\/{rel}","templated":true}]}}